{"id":215,"date":"2019-05-30T11:08:51","date_gmt":"2019-05-30T17:08:51","guid":{"rendered":"https:\/\/equilibriovisual.com.mx\/proyectos2\/ebysos\/?page_id=215"},"modified":"2024-03-25T09:57:49","modified_gmt":"2024-03-25T15:57:49","slug":"curriculum-empresarial","status":"publish","type":"page","link":"https:\/\/ebysos.com\/index.php\/curriculum-empresarial\/","title":{"rendered":"CURR\u00cdCULUM EMPRESARIAL"},"content":{"rendered":"<div class=\"col-xs-12\">\n<h1>EBYSOS, SA de CV<\/h1>\n<p><img decoding=\"async\" loading=\"lazy\" class=\"alignnone size-large wp-image-35647\" src=\"https:\/\/ebysos.com\/wp-content\/uploads\/2024\/03\/one-1024x869.png\" alt=\"\" width=\"900\" height=\"764\" srcset=\"https:\/\/ebysos.com\/wp-content\/uploads\/2024\/03\/one-1024x869.png 1024w, https:\/\/ebysos.com\/wp-content\/uploads\/2024\/03\/one-300x255.png 300w, https:\/\/ebysos.com\/wp-content\/uploads\/2024\/03\/one-768x652.png 768w, https:\/\/ebysos.com\/wp-content\/uploads\/2024\/03\/one.png 1029w\" sizes=\"(max-width: 900px) 100vw, 900px\" \/><img decoding=\"async\" loading=\"lazy\" class=\"alignnone size-full wp-image-35648\" src=\"https:\/\/ebysos.com\/wp-content\/uploads\/2024\/03\/three.png\" alt=\"\" width=\"741\" height=\"459\" srcset=\"https:\/\/ebysos.com\/wp-content\/uploads\/2024\/03\/three.png 741w, https:\/\/ebysos.com\/wp-content\/uploads\/2024\/03\/three-300x186.png 300w\" sizes=\"(max-width: 741px) 100vw, 741px\" \/><img decoding=\"async\" loading=\"lazy\" class=\"alignnone size-large wp-image-35646\" src=\"https:\/\/ebysos.com\/wp-content\/uploads\/2024\/03\/four-1024x650.png\" alt=\"\" width=\"900\" height=\"571\" srcset=\"https:\/\/ebysos.com\/wp-content\/uploads\/2024\/03\/four-1024x650.png 1024w, https:\/\/ebysos.com\/wp-content\/uploads\/2024\/03\/four-300x190.png 300w, https:\/\/ebysos.com\/wp-content\/uploads\/2024\/03\/four-768x487.png 768w, https:\/\/ebysos.com\/wp-content\/uploads\/2024\/03\/four.png 1029w\" sizes=\"(max-width: 900px) 100vw, 900px\" \/> <img decoding=\"async\" loading=\"lazy\" class=\"alignnone size-full wp-image-35649\" src=\"https:\/\/ebysos.com\/wp-content\/uploads\/2024\/03\/two.png\" alt=\"\" width=\"819\" height=\"895\" srcset=\"https:\/\/ebysos.com\/wp-content\/uploads\/2024\/03\/two.png 819w, https:\/\/ebysos.com\/wp-content\/uploads\/2024\/03\/two-275x300.png 275w, https:\/\/ebysos.com\/wp-content\/uploads\/2024\/03\/two-768x839.png 768w\" sizes=\"(max-width: 819px) 100vw, 819px\" \/><\/p>\n<\/div>\n<div class=\"col-xs-12\">\n<p><strong>CONTENIDOS B\u00c1SICOS DE NUESTRO PROGRAMA (PROPUESTA)<\/strong><\/p>\n<table id=\"tabla-inscripcion\" class=\"table table-striped table1\" style=\"width: 100%; height: 364px;\">\n<tbody>\n<tr class=\"color-red\" style=\"height: 44px;\">\n<td class=\"negitas\" style=\"height: 44px;\">No.<\/td>\n<td class=\"negitas\" style=\"height: 44px;\">Cantidad de Muestra<\/td>\n<td class=\"negitas\" style=\"height: 44px;\">Actividad<\/td>\n<td class=\"negitas\" style=\"height: 44px;\">Periodicidad<\/td>\n<\/tr>\n<tr style=\"height: 44px;\">\n<td style=\"height: 44px;\">01<\/td>\n<td style=\"height: 44px;\">1-2<\/td>\n<td style=\"height: 44px;\">An\u00e1lisis microbiol\u00f3gico y fisicoqu\u00edmico de producto terminado<\/td>\n<td style=\"height: 44px;\">Semanal<\/td>\n<\/tr>\n<tr style=\"height: 44px;\">\n<td style=\"height: 44px;\">02<\/td>\n<td style=\"height: 44px;\">1-2<\/td>\n<td style=\"height: 44px;\">An\u00e1lisis microbiol\u00f3gico y fisicoqu\u00edmico de materias primas<\/td>\n<td style=\"height: 44px;\">Semanal<\/td>\n<\/tr>\n<tr style=\"height: 24px;\">\n<td style=\"height: 24px;\">03<\/td>\n<td style=\"height: 24px;\">1<\/td>\n<td style=\"height: 24px;\">An\u00e1lisis microbiol\u00f3gico del agua<\/td>\n<td style=\"height: 24px;\">Mensual<\/td>\n<\/tr>\n<tr style=\"height: 24px;\">\n<td style=\"height: 24px;\">04<\/td>\n<td style=\"height: 24px;\">1<\/td>\n<td style=\"height: 24px;\">An\u00e1lisis fisicoqu\u00edmico del agua<\/td>\n<td style=\"height: 24px;\">Semestral<\/td>\n<\/tr>\n<tr style=\"height: 24px;\">\n<td style=\"height: 24px;\">05<\/td>\n<td style=\"height: 24px;\">1<\/td>\n<td style=\"height: 24px;\">Control ambiental<\/td>\n<td style=\"height: 24px;\">Semanal<\/td>\n<\/tr>\n<tr style=\"height: 24px;\">\n<td style=\"height: 24px;\">06<\/td>\n<td style=\"height: 24px;\">1<\/td>\n<td style=\"height: 24px;\">Control de equipo (superficie inerte)<\/td>\n<td style=\"height: 24px;\">Semanal<\/td>\n<\/tr>\n<tr style=\"height: 24px;\">\n<td style=\"height: 24px;\">07<\/td>\n<td style=\"height: 24px;\">2<\/td>\n<td style=\"height: 24px;\">Control de personal (superficie viva)<\/td>\n<td style=\"height: 24px;\">Semanal<\/td>\n<\/tr>\n<tr style=\"height: 24px;\">\n<td style=\"height: 24px;\">08<\/td>\n<td style=\"height: 24px;\">1<\/td>\n<td style=\"height: 24px;\">Verificaci\u00f3n sanitaria<\/td>\n<td style=\"height: 24px;\">Trimestral<\/td>\n<\/tr>\n<tr style=\"height: 44px;\">\n<td style=\"height: 44px;\">09<\/td>\n<td style=\"height: 44px;\">2<\/td>\n<td style=\"height: 44px;\">Horas de capacitaci\u00f3n a personal operario en Buenas Pr\u00e1cticas de Higiene y Sanidad<\/td>\n<td style=\"height: 44px;\">Trimestral<\/td>\n<\/tr>\n<tr style=\"height: 44px;\">\n<td style=\"height: 44px;\">10<\/td>\n<td style=\"height: 44px;\">1<\/td>\n<td style=\"height: 44px;\">Hora de asesor\u00eda t\u00e9cnica en documentaci\u00f3n (Bit\u00e1cora Sanitaria y Registros Control)<\/td>\n<td style=\"height: 44px;\">Mensual<\/td>\n<\/tr>\n<\/tbody>\n<\/table>\n<\/div>\n<p><img decoding=\"async\" loading=\"lazy\" class=\"alignnone size-full wp-image-35649\" src=\"https:\/\/ebysos.com\/wp-content\/uploads\/2024\/03\/two.png\" alt=\"\" width=\"819\" height=\"895\" srcset=\"https:\/\/ebysos.com\/wp-content\/uploads\/2024\/03\/two.png 819w, https:\/\/ebysos.com\/wp-content\/uploads\/2024\/03\/two-275x300.png 275w, https:\/\/ebysos.com\/wp-content\/uploads\/2024\/03\/two-768x839.png 768w\" sizes=\"(max-width: 819px) 100vw, 819px\" \/> <img decoding=\"async\" loading=\"lazy\" class=\"alignnone size-large wp-image-35650\" src=\"https:\/\/ebysos.com\/wp-content\/uploads\/2024\/03\/five-1024x771.png\" alt=\"\" width=\"900\" height=\"678\" srcset=\"https:\/\/ebysos.com\/wp-content\/uploads\/2024\/03\/five-1024x771.png 1024w, https:\/\/ebysos.com\/wp-content\/uploads\/2024\/03\/five-300x226.png 300w, https:\/\/ebysos.com\/wp-content\/uploads\/2024\/03\/five-768x578.png 768w, https:\/\/ebysos.com\/wp-content\/uploads\/2024\/03\/five.png 1027w\" sizes=\"(max-width: 900px) 100vw, 900px\" \/><img decoding=\"async\" loading=\"lazy\" class=\"alignnone size-full wp-image-35651\" src=\"https:\/\/ebysos.com\/wp-content\/uploads\/2024\/03\/six.png\" alt=\"\" width=\"981\" height=\"893\" srcset=\"https:\/\/ebysos.com\/wp-content\/uploads\/2024\/03\/six.png 981w, https:\/\/ebysos.com\/wp-content\/uploads\/2024\/03\/six-300x273.png 300w, https:\/\/ebysos.com\/wp-content\/uploads\/2024\/03\/six-768x699.png 768w\" sizes=\"(max-width: 981px) 100vw, 981px\" \/><\/p>\n","protected":false},"excerpt":{"rendered":"<p>EBYSOS, SA de CV CONTENIDOS B\u00c1SICOS DE NUESTRO PROGRAMA (PROPUESTA) No. Cantidad de Muestra Actividad Periodicidad 01 1-2 An\u00e1lisis microbiol\u00f3gico y fisicoqu\u00edmico de producto terminado Semanal 02 1-2 An\u00e1lisis microbiol\u00f3gico y fisicoqu\u00edmico de materias primas Semanal 03 1 An\u00e1lisis microbiol\u00f3gico del agua Mensual 04 1 An\u00e1lisis fisicoqu\u00edmico del agua Semestral 05 1 Control ambiental Semanal [&hellip;]<\/p>\n","protected":false},"author":1,"featured_media":0,"parent":0,"menu_order":0,"comment_status":"closed","ping_status":"closed","template":"","meta":[],"_links":{"self":[{"href":"https:\/\/ebysos.com\/index.php\/wp-json\/wp\/v2\/pages\/215"}],"collection":[{"href":"https:\/\/ebysos.com\/index.php\/wp-json\/wp\/v2\/pages"}],"about":[{"href":"https:\/\/ebysos.com\/index.php\/wp-json\/wp\/v2\/types\/page"}],"author":[{"embeddable":true,"href":"https:\/\/ebysos.com\/index.php\/wp-json\/wp\/v2\/users\/1"}],"replies":[{"embeddable":true,"href":"https:\/\/ebysos.com\/index.php\/wp-json\/wp\/v2\/comments?post=215"}],"version-history":[{"count":15,"href":"https:\/\/ebysos.com\/index.php\/wp-json\/wp\/v2\/pages\/215\/revisions"}],"predecessor-version":[{"id":35652,"href":"https:\/\/ebysos.com\/index.php\/wp-json\/wp\/v2\/pages\/215\/revisions\/35652"}],"wp:attachment":[{"href":"https:\/\/ebysos.com\/index.php\/wp-json\/wp\/v2\/media?parent=215"}],"curies":[{"name":"wp","href":"https:\/\/api.w.org\/{rel}","templated":true}]}}