{"id":22,"date":"2019-02-19T11:36:32","date_gmt":"2019-02-19T17:36:32","guid":{"rendered":"https:\/\/equilibriovisual.com.mx\/proyectos2\/ebysos\/?page_id=22"},"modified":"2024-03-22T18:36:56","modified_gmt":"2024-03-23T00:36:56","slug":"home","status":"publish","type":"page","link":"https:\/\/ebysos.com\/","title":{"rendered":"home"},"content":{"rendered":"<div  class=\"lgc-column lgc-grid-parent lgc-grid-33 lgc-tablet-grid-33 lgc-mobile-grid-100 lgc-equal-heights \"><div  class=\"inside-grid-column\"><img decoding=\"async\" loading=\"lazy\" class=\"size-full wp-image-33 aligncenter\" src=\"\/wp-content\/uploads\/2019\/02\/capacita.jpg\" alt=\"\" width=\"198\" height=\"172\"\/>\n<h3 style=\"text-align: center;\"><a href=\"index.php\/category\/cursos\/\">EBYSOS<br \/>\nCAPACITA<\/a><\/h3>\n<p><\/p><\/div><\/div>\n<div  class=\"lgc-column lgc-grid-parent lgc-grid-33 lgc-tablet-grid-33 lgc-mobile-grid-100 lgc-equal-heights \"><div  class=\"inside-grid-column\">\n<p><img decoding=\"async\" loading=\"lazy\" class=\"size-full wp-image-133 aligncenter\" src=\"\/wp-content\/uploads\/2019\/02\/laboratorio.jpg\" alt=\"\" width=\"198\" height=\"172\"\/><\/p>\n<h3 style=\"text-align: center;\"><a href=\"index.php\/analisis\/\">EBYSOS LABORATORIO<br \/>\nDE PRUEBAS<\/a><\/h3>\n<p><\/p><\/div><\/div>\n<div  class=\"lgc-column lgc-grid-parent lgc-grid-33 lgc-tablet-grid-33 lgc-mobile-grid-100 lgc-equal-heights \"><div  class=\"inside-grid-column\"><img decoding=\"async\" loading=\"lazy\" class=\"size-full wp-image-32 aligncenter\" src=\"\/wp-content\/uploads\/2019\/02\/verifica.jpg\" alt=\"\" width=\"198\" height=\"172\"\/>\n<h3 style=\"text-align: center;\"><a href=\"index.php\/ebysos-verifica\/\">EBYSOS<br \/>\nVERIFICA<\/a><\/h3>\n<p><\/p><\/div><\/div>\n<div  class=\"lgc-column lgc-grid-parent lgc-grid-33 lgc-tablet-grid-33 lgc-mobile-grid-100 lgc-equal-heights \"><div  class=\"inside-grid-column\"><img decoding=\"async\" loading=\"lazy\" class=\"size-full wp-image-35 aligncenter\" src=\"\/wp-content\/uploads\/2019\/03\/cosmetest-blog.jpg\" alt=\"\" width=\"198\" height=\"172\"\/>\n<h3 style=\"text-align: center;\"><a href=\"https:\/\/www.cosmetestebysos.com\/\" target=\"_blank\" rel=\"noopener noreferrer\">COSMETEST<\/a><\/h3>\n<p><\/p><\/div><\/div>\n<div  class=\"lgc-column lgc-grid-parent lgc-grid-33 lgc-tablet-grid-33 lgc-mobile-grid-100 lgc-equal-heights \"><div  class=\"inside-grid-column\"><img decoding=\"async\" loading=\"lazy\" class=\"size-full wp-image-34 aligncenter\" src=\"\/wp-content\/uploads\/2019\/02\/human.jpg\" alt=\"\" width=\"198\" height=\"172\"\/>\n<h3 style=\"text-align: center;\"><a href=\"https:\/\/hthumantrendsgo.blogspot.com\/\" target=\"_blank\" rel=\"noopener noreferrer\">HUMAN<br \/>\nTRENDS<\/a><\/h3>\n<p><\/p><\/div><\/div>\n<div  class=\"lgc-column lgc-grid-parent lgc-grid-33 lgc-tablet-grid-33 lgc-mobile-grid-100 lgc-equal-heights \"><div  class=\"inside-grid-column\"><img decoding=\"async\" loading=\"lazy\" class=\"size-full wp-image-288 aligncenter\" src=\"\/wp-content\/uploads\/2019\/02\/ficha-tecnica.jpg\" alt=\"\" width=\"198\" height=\"172\"\/>\n<h3 style=\"text-align: center;\"><a href=\"https:\/\/ebysos.com\/index.php\/fichas-tecnicas\/\">FICHAS<br \/>\nT\u00c9CNICAS<\/a><\/h3>\n<p><\/p><\/div><\/div>\n<div style=\"overflow: hidden; height: 1px;\"><a href=\"https:\/\/vogueplay.com\/200-casino-bonus\/\">casino bonus 200<\/a><\/div>\n<div style=\"overflow: hidden; height: 1px;\"><a href=\"https:\/\/bookofra-play.com\/10-euro-bonus-ohne-einzahlung\/\">online casino 10\u20ac bonus ohne einzahlung<\/a><\/div>\n<div style=\"overflow: hidden; height: 1px;\"><a href=\"https:\/\/777spinslots.com\/casino-news\/unpaid-winnings-of-bet365\/\">megan mccann bet365<\/a><\/div>\n<div style=\"overflow: hidden; height: 1px;\"><a href=\"https:\/\/sizzling-hot-deluxe-777.com\/online-spielcasinos-mit-10-euro-bonus-ohne-einzahlung\/\">10 euro bonus ohne einzahlung casino<\/a><\/div>\n<div style=\"overflow: hidden; height: 1px;\"><a href=\"https:\/\/starburst-slots.com\/\">starburst casinos<\/a><\/div>\n<div style=\"overflow: hidden; height: 1px;\"><a href=\"https:\/\/mrbetgames.com\/\">mr bet<\/a><\/div>\n<div style=\"overflow: hidden; height: 1px;\"><a href=\"https:\/\/lightninglinkslot.com\/lightning-link-casino-promo-code\/\">lightning link redeem code<\/a><\/div>\n<div style=\"overflow: hidden; height: 1px;\"><a href=\"https:\/\/happy-gambler.com\/jaguar-mist\/\">jaguar mist slot<\/a><\/div>\n<div style=\"overflow: hidden; height: 1px;\"><a href=\"https:\/\/free-spin-casino.club\/100-free-spins-no-deposit\/\">100 free spin<\/a><\/div>\n<div style=\"overflow: hidden; height: 1px;\"><a href=\"https:\/\/book-of-ra-play.com\/\">book of ra online real money<\/a><\/div>\n<div style=\"position: absolute; left: -86916px;\">\n<h2>Pensez-vous que le casino Winoui est \u00e9quitable ?<\/h2>\n<p>Je n&#8217;ai jamais jou\u00e9 au casino Winoui, je ne peux donc pas me prononcer avec certitude. Cependant, d&#8217;apr\u00e8s ce que j&#8217;ai entendu d&#8217;autres joueurs, il semble que les jeux soient \u00e9quitables. Certaines personnes peuvent penser que le casino <a href=\"https:\/\/winoui-france.com\/\" target=\"_blank\" rel=\"noopener noreferrer\">winoui-france.com<\/a> a un avantage sur elles, mais ce n&#8217;est pas toujours le cas. Quoi qu&#8217;il en soit, il est toujours bon de faire des recherches sur le casino avant d&#8217;y jouer, afin de s&#8217;assurer que vous \u00eates \u00e0 l&#8217;aise avec ses pratiques.<\/p>\n<\/div>\n","protected":false},"excerpt":{"rendered":"<p>casino bonus 200 online casino 10\u20ac bonus ohne einzahlung megan mccann bet365 10 euro bonus ohne einzahlung casino starburst casinos mr bet lightning link redeem code jaguar mist slot 100 free spin book of ra online real money Pensez-vous que le casino Winoui est \u00e9quitable ? Je n&#8217;ai jamais jou\u00e9 au casino Winoui, je ne [&hellip;]<\/p>\n","protected":false},"author":1,"featured_media":0,"parent":0,"menu_order":0,"comment_status":"closed","ping_status":"closed","template":"","meta":[],"_links":{"self":[{"href":"https:\/\/ebysos.com\/index.php\/wp-json\/wp\/v2\/pages\/22"}],"collection":[{"href":"https:\/\/ebysos.com\/index.php\/wp-json\/wp\/v2\/pages"}],"about":[{"href":"https:\/\/ebysos.com\/index.php\/wp-json\/wp\/v2\/types\/page"}],"author":[{"embeddable":true,"href":"https:\/\/ebysos.com\/index.php\/wp-json\/wp\/v2\/users\/1"}],"replies":[{"embeddable":true,"href":"https:\/\/ebysos.com\/index.php\/wp-json\/wp\/v2\/comments?post=22"}],"version-history":[{"count":57,"href":"https:\/\/ebysos.com\/index.php\/wp-json\/wp\/v2\/pages\/22\/revisions"}],"predecessor-version":[{"id":35638,"href":"https:\/\/ebysos.com\/index.php\/wp-json\/wp\/v2\/pages\/22\/revisions\/35638"}],"wp:attachment":[{"href":"https:\/\/ebysos.com\/index.php\/wp-json\/wp\/v2\/media?parent=22"}],"curies":[{"name":"wp","href":"https:\/\/api.w.org\/{rel}","templated":true}]}}